{"id":49553,"date":"2019-08-21T21:17:21","date_gmt":"2019-08-21T19:17:21","guid":{"rendered":"http:\/\/www.elblogdecineespanol.com\/?page_id=49553"},"modified":"2020-06-26T12:31:29","modified_gmt":"2020-06-26T10:31:29","slug":"libro-hablando-de-cine-espanol-con-campana-de-crowdfunding","status":"publish","type":"page","link":"https:\/\/www.elblogdecineespanol.com\/?page_id=49553","title":{"rendered":"LANZAMOS CAMPA\u00d1A DE CROWDFUNDING"},"content":{"rendered":"<p><img loading=\"lazy\" decoding=\"async\" class=\"aligncenter size-full\" src=\"https:\/\/i.postimg.cc\/B6KHgVDG\/Crowdfunding-1.jpg\" width=\"640\" height=\"339\" \/><\/p>\n<p>Durante estos meses de confinamiento y de Estado de Alarma he estado realizando una serie de entrevistas a diferentes personalidades de nuestro cine hablando sobre la pandemia y sobre cine, con tan buen resultado que creo que ser\u00e1 una buena opci\u00f3n que tambi\u00e9n queden registradas en papel para dejar testimonio de c\u00f3mo afect\u00f3 a nuestra industria esta pandemia que nadie se esperaba. Para autopublicar este libro necesitamos llegar a la cifra de 2.000 euros para pagar gastos de dise\u00f1o, maquetaci\u00f3n e impresi\u00f3n. Por eso lanzamos esta campa\u00f1a de crowdfunding para hacer posible este libro de entrevistas de cine en confinamiento.<\/p>\n<p>Recompensas:<\/p>\n<ul>\n<li>15 euros: Libro impreso dedicado + vuestro nombre, si lo dese\u00e1is, en la p\u00e1gina de mecenas del mismo, sin gastos de env\u00edo.<\/li>\n<li>20 euros: Libro impreso dedicado + Marcap\u00e1ginas + gastos de env\u00edo + vuestro nombre, si lo dese\u00e1is, en la p\u00e1gina de mecenas del mismo.<\/li>\n<li>30 euros: Libro impreso dedicado + camiseta de El Blog de Cine Espa\u00f1ol + Marcap\u00e1ginas + gastos de env\u00edo + vuestro nombre, si lo dese\u00e1is, en la p\u00e1gina de mecenas del mismo.<\/li>\n<li>40 euros: Dos libros impresos dedicados + Marcap\u00e1ginas + gastos de env\u00edo + vuestro nombre, si lo dese\u00e1is, en la p\u00e1gina de mecenas del mismo.<\/li>\n<li>100 euros: 4 libros + camiseta de El Blog de Cine Espa\u00f1ol + vuestro nombre, si lo dese\u00e1is, en la p\u00e1gina de mecenas del mismo.<\/li>\n<li>300 euros: p\u00e1gina completa de publicidad (s\u00f3lo para empresas).<\/li>\n<\/ul>\n<p>* Conforme vayan llegando las aportaciones ir\u00e9 publicando en otra p\u00e1gina el nombre de los que van participando -si dan su aprobaci\u00f3n-, e ir\u00e9 sumando las cifras hasta llegar a la meta fijada de 2.000 euros.<\/p>\n<p><strong>FORMA DE PAGO:<\/strong><\/p>\n<p>Por bizum (si no ten\u00e9is mi tel\u00e9fono enviarme e-mail solicit\u00e1ndomelo) , paypal o transferencia indicando en la misma vuestro nombre completo. Una vez hecha la transferencia necesitaremos que nos env\u00edes una copia de la transferencia y vuestra direcci\u00f3n completa a elblogdecineespanol@gmail.com. Tambi\u00e9n me lo pod\u00e9is abonar en persona.<br \/>\nN\u00famero de cuenta: ES0400495247852996351008<\/p>\n<p>Pago v\u00eda Paypal aqu\u00ed: <\/p>\n<form action=\"https:\/\/www.paypal.com\/cgi-bin\/webscr\" method=\"post\" target=\"_top\">\n<input type=\"hidden\" name=\"cmd\" value=\"_s-xclick\"><br \/>\n<input type=\"hidden\" name=\"hosted_button_id\" value=\"FT5B4LBXP3Z52\"><br \/>\n<input type=\"image\" src=\"https:\/\/www.paypalobjects.com\/es_ES\/ES\/i\/btn\/btn_donateCC_LG.gif\" border=\"0\" name=\"submit\" alt=\"PayPal. La forma r\u00e1pida y segura de pagar en Internet.\"><br \/>\n<img loading=\"lazy\" decoding=\"async\" alt=\"\" border=\"0\" src=\"https:\/\/www.paypalobjects.com\/es_ES\/i\/scr\/pixel.gif\" width=\"1\" height=\"1\"><br \/>\n<\/form>\n","protected":false},"excerpt":{"rendered":"<p>Durante estos meses de confinamiento y de Estado de Alarma he estado realizando una serie de entrevistas a diferentes personalidades de nuestro cine hablando sobre la pandemia y sobre cine, con tan buen resultado que creo que ser\u00e1 una buena opci\u00f3n que tambi\u00e9n queden registradas en papel para dejar testimonio de c\u00f3mo afect\u00f3 a nuestra [&hellip;]<\/p>\n","protected":false},"author":2,"featured_media":0,"parent":0,"menu_order":0,"comment_status":"closed","ping_status":"closed","template":"","meta":{"footnotes":""},"class_list":["post-49553","page","type-page","status-publish","hentry","has_thumb"],"aioseo_notices":[],"_links":{"self":[{"href":"https:\/\/www.elblogdecineespanol.com\/index.php?rest_route=\/wp\/v2\/pages\/49553","targetHints":{"allow":["GET"]}}],"collection":[{"href":"https:\/\/www.elblogdecineespanol.com\/index.php?rest_route=\/wp\/v2\/pages"}],"about":[{"href":"https:\/\/www.elblogdecineespanol.com\/index.php?rest_route=\/wp\/v2\/types\/page"}],"author":[{"embeddable":true,"href":"https:\/\/www.elblogdecineespanol.com\/index.php?rest_route=\/wp\/v2\/users\/2"}],"replies":[{"embeddable":true,"href":"https:\/\/www.elblogdecineespanol.com\/index.php?rest_route=%2Fwp%2Fv2%2Fcomments&post=49553"}],"version-history":[{"count":7,"href":"https:\/\/www.elblogdecineespanol.com\/index.php?rest_route=\/wp\/v2\/pages\/49553\/revisions"}],"predecessor-version":[{"id":54432,"href":"https:\/\/www.elblogdecineespanol.com\/index.php?rest_route=\/wp\/v2\/pages\/49553\/revisions\/54432"}],"wp:attachment":[{"href":"https:\/\/www.elblogdecineespanol.com\/index.php?rest_route=%2Fwp%2Fv2%2Fmedia&parent=49553"}],"curies":[{"name":"wp","href":"https:\/\/api.w.org\/{rel}","templated":true}]}}